{"id":162,"date":"2021-02-26T13:46:53","date_gmt":"2021-02-26T12:46:53","guid":{"rendered":"https:\/\/orientamento.dbcf.unisi.it\/?page_id=162"},"modified":"2025-01-15T12:47:48","modified_gmt":"2025-01-15T11:47:48","slug":"eventi","status":"publish","type":"page","link":"https:\/\/orientamento.dbcf.unisi.it\/index.php\/eventi\/","title":{"rendered":"Eventi"},"content":{"rendered":"\n<div class=\"wp-block-cover alignfull is-light has-parallax tw-mb-0 tw-mt-0\" style=\"min-height:100vh;aspect-ratio:unset;\"><span aria-hidden=\"true\" class=\"wp-block-cover__background has-white-background-color has-background-dim-80 has-background-dim\"><\/span><div class=\"wp-block-cover__image-background wp-image-428 has-parallax\" style=\"background-position:50% 50%;background-image:url(https:\/\/orientamento.dbcf.unisi.it\/wp-content\/uploads\/2021\/03\/8139140_orig.jpg)\"><\/div><div class=\"wp-block-cover__inner-container is-layout-flow wp-block-cover-is-layout-flow\">\n<h3 class=\"wp-block-heading has-black-color has-text-color\" id=\"eventi_main\"><strong>Eventi principali 2025<\/strong><\/h3>\n\n\n\n<div class=\"wp-block-group alignfull is-style-default\"><div class=\"wp-block-group__inner-container is-layout-flow wp-block-group-is-layout-flow\"><ul class=\"wp-block-latest-posts__list tw-heading-size-medium tw-hide-more-link is-style-tw-posts-card tw-stretched-link tw-posts-rounded wp-block-latest-posts\"><li><a class=\"wp-block-latest-posts__post-title\" href=\"https:\/\/orientamento.dbcf.unisi.it\/index.php\/2026\/01\/23\/il-dbcf-incontra-gsk-2025-26\/\">Il DBCF incontra GSK 2025\/26<\/a><div class=\"wp-block-latest-posts__post-excerpt\">Il Dipartimento di Biotecnologie, Chimica e Farmacia dal 28 novembre 2025 offre la possibilit\u00e0 di seguire un ciclo di 5 lezioni sui temi \u201cIl Dipartimento Quality Control (QC) nell&#8217;industria farmaceutica\u201d e \u201cIl Processo di rilascio di un vaccino\u201c. Le lezioni saranno tenute dalla Dott.ssa Monica Martini (QP &amp; Release Process&hellip; <a class=\"more-link\" href=\"https:\/\/orientamento.dbcf.unisi.it\/index.php\/2026\/01\/23\/il-dbcf-incontra-gsk-2025-26\/\">Continua a leggere <span class=\"screen-reader-text\">Il DBCF incontra GSK 2025\/26<\/span><\/a><\/div><\/li>\n<li><a class=\"wp-block-latest-posts__post-title\" href=\"https:\/\/orientamento.dbcf.unisi.it\/index.php\/2025\/01\/15\/open-day-25-febbraio-2025\/\">Open Day 25 febbraio 2025<\/a><div class=\"wp-block-latest-posts__post-excerpt\">Si svolger\u00e0 la mattina del 25 febbraio l\u2019Open Day dell\u2019Universit\u00e0. In tale occasione, presenteremo l\u2019offerta formativa del Dipartimento di Biotecnologie, Chimica e Farmacia. L&#8217;evento si svolger\u00e0 presso il polo didattico\/scientifico di San Miniato (via Aldo Moro 2) in Aula 16. Sono previste due sessioni durante la mattina, con il seguente&hellip; <a class=\"more-link\" href=\"https:\/\/orientamento.dbcf.unisi.it\/index.php\/2025\/01\/15\/open-day-25-febbraio-2025\/\">Continua a leggere <span class=\"screen-reader-text\">Open Day 25 febbraio 2025<\/span><\/a><\/div><\/li>\n<\/ul><\/div><\/div>\n\n\n\n<hr class=\"wp-block-separator has-alpha-channel-opacity\"\/>\n\n\n\n<h3 class=\"wp-block-heading has-black-color has-text-color\" id=\"eventi_other\">Altri eventi 2025<\/h3>\n\n\n<ul class=\"wp-block-latest-posts__list is-style-tw-posts-card tw-stretched-link wp-block-latest-posts\"><\/ul>\n\n\n<hr class=\"wp-block-separator has-alpha-channel-opacity\"\/>\n\n\n\n<h3 class=\"wp-block-heading has-black-color has-text-color\" id=\"eventi_old\">Eventi passati<\/h3>\n\n\n<ul class=\"wp-block-latest-posts__list is-style-tw-posts-card tw-stretched-link wp-block-latest-posts\"><li><a class=\"wp-block-latest-posts__post-title\" href=\"https:\/\/orientamento.dbcf.unisi.it\/index.php\/2024\/09\/23\/matricola-day-dbcf-2-ottobre\/\">Matricola Day DBCF &#8211; 2 Ottobre<\/a><div class=\"wp-block-latest-posts__post-excerpt\">Si svolger\u00e0 il 2 ottobre il Matricola Day per tutte le matricole. Dopo le attivit\u00e0 comuni a tutti i nuovi iscritti dell&#8217;Universit\u00e0 di Siena al mattino al rettorato, ci ritroveremo presso il Polo Scientifico di San Miniato nel pomeriggio. Il Dipartimento di Biotecnologie, Chimica e Farmacia vi dar\u00e0 il benvenuto&hellip; <a class=\"more-link\" href=\"https:\/\/orientamento.dbcf.unisi.it\/index.php\/2024\/09\/23\/matricola-day-dbcf-2-ottobre\/\">Continua a leggere <span class=\"screen-reader-text\">Matricola Day DBCF &#8211; 2 Ottobre<\/span><\/a><\/div><\/li>\n<li><a class=\"wp-block-latest-posts__post-title\" href=\"https:\/\/orientamento.dbcf.unisi.it\/index.php\/2024\/09\/20\/lauree-abilitanti-per-ctf-e-farmacia\/\">Lauree Abilitanti per CTF e Farmacia<\/a><div class=\"wp-block-latest-posts__post-excerpt\">Il giorno 24 settembre si svolger\u00e0 in aula 7 una riunione informativa riguardante il passaggio alla laurea abilitante. Questo riguarda i corsi di Laurea in Farmacia ed in Chimica e Tecnologie Farmaceutiche. Sar\u00e0 possibile seguire l&#8217;incontro anche online su piattaforma GMeet utilizzando il seguente link: https:\/\/meet.google.com\/xyq-ucrm-bnh Gli studenti interessati sono&hellip; <a class=\"more-link\" href=\"https:\/\/orientamento.dbcf.unisi.it\/index.php\/2024\/09\/20\/lauree-abilitanti-per-ctf-e-farmacia\/\">Continua a leggere <span class=\"screen-reader-text\">Lauree Abilitanti per CTF e Farmacia<\/span><\/a><\/div><\/li>\n<li><a class=\"wp-block-latest-posts__post-title\" href=\"https:\/\/orientamento.dbcf.unisi.it\/index.php\/2024\/07\/29\/immatricolazioni-per-laa-2024-25\/\">Immatricolazioni per l&#8217;AA 2024\/25<\/a><div class=\"wp-block-latest-posts__post-excerpt\">Sono aperte o si stanno per aprire le immatricolazioni per i corsi di Laurea, Laurea Magistrale e Laurea Magistrale a ciclo unico del Dipartimento. Ecco dove trovare maggiori informazioni sulle procedure per ciascun corso. Corso Pagina Web Corso di Laurea Triennale in &#8220;Scienze Chimiche&#8221; https:\/\/scienze-chimiche.unisi.it\/it\/iscriversi\/immatricolarsi Corso di Laurea Magistrale a&hellip; <a class=\"more-link\" href=\"https:\/\/orientamento.dbcf.unisi.it\/index.php\/2024\/07\/29\/immatricolazioni-per-laa-2024-25\/\">Continua a leggere <span class=\"screen-reader-text\">Immatricolazioni per l&#8217;AA 2024\/25<\/span><\/a><\/div><\/li>\n<li><a class=\"wp-block-latest-posts__post-title\" href=\"https:\/\/orientamento.dbcf.unisi.it\/index.php\/2024\/05\/02\/orientamento-lauree-magistrali\/\">Orientamento Lauree Magistrali &#8211; 16 maggio 2024<\/a><div class=\"wp-block-latest-posts__post-excerpt\">In occasione dell&#8217;evento STEM Talent Week, presenteremo l&#8217;offerta del dipartimento come lauree magistrali. Il prossimo 16 maggio 2024, dalle ore 10 alle ore 16, di fronte all&#8217;aula 14 del polo Scientifico di San Miniato sar\u00e0 possibile scoprire l&#8217;offerta dei corsi di laurea magistrali del dipartimento insieme agli studenti tutor. Saranno&hellip; <a class=\"more-link\" href=\"https:\/\/orientamento.dbcf.unisi.it\/index.php\/2024\/05\/02\/orientamento-lauree-magistrali\/\">Continua a leggere <span class=\"screen-reader-text\">Orientamento Lauree Magistrali &#8211; 16 maggio 2024<\/span><\/a><\/div><\/li>\n<li><a class=\"wp-block-latest-posts__post-title\" href=\"https:\/\/orientamento.dbcf.unisi.it\/index.php\/2024\/05\/02\/stem-talent-week-2024\/\">STEM TALENT WEEK 2024<\/a><div class=\"wp-block-latest-posts__post-excerpt\">STEM TALENT WEEK 2024 \u00e8 l&#8217;evento di recruiting organizzato dall&#8217;Universit\u00e0 di Siena.\u00a0Quest&#8217;evento rappresenta un&#8217;opportunit\u00e0 unica per gli studenti per mostrare il proprio talento e incontrare le aziende leader nel settore STEM.Il link dell&#8217;evento \u00e8 il seguente:\u00a0\u00a0https:\/\/orientarsi.unisi.it\/lavoro\/eventi-lavoro\/documento\/stem-talent-week-2024 Delle tre giornate quella che si svolger\u00e0 presso il polo scientifico di San Miniato&hellip; <a class=\"more-link\" href=\"https:\/\/orientamento.dbcf.unisi.it\/index.php\/2024\/05\/02\/stem-talent-week-2024\/\">Continua a leggere <span class=\"screen-reader-text\">STEM TALENT WEEK 2024<\/span><\/a><\/div><\/li>\n<li><a class=\"wp-block-latest-posts__post-title\" href=\"https:\/\/orientamento.dbcf.unisi.it\/index.php\/2024\/01\/24\/usiena-games-2024\/\">USiena Games 2024<\/a><div class=\"wp-block-latest-posts__post-excerpt\">Nelle mattinate dei prossimi 11 e 22 marzo si svolgeranno gli USiena Games 2024. Ulteriori informazioni, ed il modulo per iscrivere la scuola, possono essere trovati sul sito di Orientarsi.<\/div><\/li>\n<li><a class=\"wp-block-latest-posts__post-title\" href=\"https:\/\/orientamento.dbcf.unisi.it\/index.php\/2024\/01\/24\/open-day-20-febbraio-2024\/\">Open Day 20 febbraio 2024<\/a><div class=\"wp-block-latest-posts__post-excerpt\">Si svolger\u00e0 la mattina del 20 febbraio l\u2019Open Day dell\u2019Universit\u00e0. In tale occasione, presenteremo l\u2019offerta formativa del Dipartimento di Biotecnologie, Chimica e Farmacia. L&#8217;evento si svolger\u00e0 presso il polo didattico\/scientifico di San Miniato (via Aldo Moro 2) in Aula 16. Sono previste due sessioni durante la mattina, con il seguente&hellip; <a class=\"more-link\" href=\"https:\/\/orientamento.dbcf.unisi.it\/index.php\/2024\/01\/24\/open-day-20-febbraio-2024\/\">Continua a leggere <span class=\"screen-reader-text\">Open Day 20 febbraio 2024<\/span><\/a><\/div><\/li>\n<li><a class=\"wp-block-latest-posts__post-title\" href=\"https:\/\/orientamento.dbcf.unisi.it\/index.php\/2023\/10\/17\/il-dbcf-incontra-gsk\/\">IL DBCF INCONTRA GSK<\/a><div class=\"wp-block-latest-posts__post-excerpt\">Il Dipartimento di Biotecnologie, Chimica e Farmacia dal 10 novembre 2023 offre la possibilit\u00e0 di seguire un ciclo di 5 lezioni sui temi \u201cIl Dipartimento Quality Control (QC) nell&#8217;industria farmaceutica\u201d e \u201cIl Processo di rilascio di un vaccino\u201c. Le lezioni saranno tenute dalla Dott.ssa Monica Martini (QP &amp; Release Process&hellip; <a class=\"more-link\" href=\"https:\/\/orientamento.dbcf.unisi.it\/index.php\/2023\/10\/17\/il-dbcf-incontra-gsk\/\">Continua a leggere <span class=\"screen-reader-text\">IL DBCF INCONTRA GSK<\/span><\/a><\/div><\/li>\n<li><a class=\"wp-block-latest-posts__post-title\" href=\"https:\/\/orientamento.dbcf.unisi.it\/index.php\/2023\/09\/08\/welcome-day-dbcf-4-ottobre-2023\/\">Welcome Day DBCF 4 ottobre 2023<\/a><div class=\"wp-block-latest-posts__post-excerpt\">Si svolger\u00e0 il 4 ottobre il Welcome Day per tutte le matricole. Dopo le attivit\u00e0 comuni a tutti i nuovi iscritti dell&#8217;Universit\u00e0 di Siena al mattino al rettorato, ci ritroveremo presso il Polo Scientifico di San Miniato nel pomeriggio. Questo il programma del pomeriggio:<\/div><\/li>\n<li><a class=\"wp-block-latest-posts__post-title\" href=\"https:\/\/orientamento.dbcf.unisi.it\/index.php\/2023\/01\/27\/usiena-game-2023\/\">USiena Game 2023<\/a><div class=\"wp-block-latest-posts__post-excerpt\">Contest universitario di orientamento formativo per le scuole che si svolger\u00e0 in due sessioni, il 2 ed il 10 marzo 2023. Di seguito la locandina dell&#8217;evento e i programmi delle due giornate.<\/div><\/li>\n<li><a class=\"wp-block-latest-posts__post-title\" href=\"https:\/\/orientamento.dbcf.unisi.it\/index.php\/2023\/01\/17\/open-day-23-febbraio\/\">Open Day 23 Febbraio 2023<\/a><div class=\"wp-block-latest-posts__post-excerpt\">Si svolger\u00e0 il 23 febbraio prossimo l&#8217;Open Day dell&#8217;Universit\u00e0. In tale occasione, presenteremo l&#8217;offerta formativa del Dipartimento di Biotecnologie, Chimica e Farmacia. L&#8217;evento sar\u00e0 ripetuto 3 volte durante la giornata, con due sessioni al mattino ed una pomeridiana. Le sessioni del mattino si svolgeranno in modalit\u00e0 esclusivamente in presenza, mentre&hellip; <a class=\"more-link\" href=\"https:\/\/orientamento.dbcf.unisi.it\/index.php\/2023\/01\/17\/open-day-23-febbraio\/\">Continua a leggere <span class=\"screen-reader-text\">Open Day 23 Febbraio 2023<\/span><\/a><\/div><\/li>\n<li><a class=\"wp-block-latest-posts__post-title\" href=\"https:\/\/orientamento.dbcf.unisi.it\/index.php\/2022\/09\/10\/welcome-day-new-students-2022\/\">Welcome Day New Students 2022<\/a><div class=\"wp-block-latest-posts__post-excerpt\">New students in the courses &#8220;Chemistry&#8221; and &#8220;Sustainable Industrial Pharmaceutical Biotechnology&#8221; will get an introduction to the courses and the facilities on the 17th of October. Here is the program of the day.<\/div><\/li>\n<li><a class=\"wp-block-latest-posts__post-title\" href=\"https:\/\/orientamento.dbcf.unisi.it\/index.php\/2022\/09\/10\/welcome-day-matricole-2022\/\">Welcome Day Matricole 2022<\/a><div class=\"wp-block-latest-posts__post-excerpt\">Si svolger\u00e0 il 3 ottobre il &#8220;Welcome Day&#8221; per le matricole dei corsi di studio in &#8220;Chimica e Tecnologia Farmaceutiche&#8221;, &#8220;Farmacia&#8221;, e &#8220;Scienze Chimiche&#8221;. Programma della mattinata:<\/div><\/li>\n<li><a class=\"wp-block-latest-posts__post-title\" href=\"https:\/\/orientamento.dbcf.unisi.it\/index.php\/2022\/03\/14\/open-day-3-maggio-2022-programma\/\">Open Day 3 Maggio 2022 &#8211; programma<\/a><div class=\"wp-block-latest-posts__post-excerpt\">Si svolger\u00e0 il giorno 3 maggio l\u2019Open Day del Dipartimento. In tale occasione, presenteremo agli studenti delle scuole superiori, e tutti gli interessati, l\u2019offerta di corsi disponibili nel nostro dipartimento. La giornata si articoler\u00e0 in due sessioni, una la mattina ed una al pomeriggio. Durante entrambe le sessioni, uguali dal&hellip; <a class=\"more-link\" href=\"https:\/\/orientamento.dbcf.unisi.it\/index.php\/2022\/03\/14\/open-day-3-maggio-2022-programma\/\">Continua a leggere <span class=\"screen-reader-text\">Open Day 3 Maggio 2022 &#8211; programma<\/span><\/a><\/div><\/li>\n<li><a class=\"wp-block-latest-posts__post-title\" href=\"https:\/\/orientamento.dbcf.unisi.it\/index.php\/2022\/03\/14\/mini-open-day-29-marzo-2022-liceo-galilei-siena\/\">Mini Open Day 1 Aprile 2022 &#8211; Liceo Galilei Siena<\/a><div class=\"wp-block-latest-posts__post-excerpt\">Si svolger\u00e0 il giorno 1 aprile 2022 un Open Day specificatamente riservato al liceo scientifico &#8220;G. Galilei&#8221; di Siena. L&#8217;evento si svolger\u00e0 esclusivamente in remoto, e potr\u00e0 essere seguito tramite il seguente link: meet.google.com\/quv-mppx-pxd Il programma (dalle ore 10:30 alle 12:00) prevede le presentazioni dei vari corsi del nostro dipartimento&hellip; <a class=\"more-link\" href=\"https:\/\/orientamento.dbcf.unisi.it\/index.php\/2022\/03\/14\/mini-open-day-29-marzo-2022-liceo-galilei-siena\/\">Continua a leggere <span class=\"screen-reader-text\">Mini Open Day 1 Aprile 2022 &#8211; Liceo Galilei Siena<\/span><\/a><\/div><\/li>\n<li><a class=\"wp-block-latest-posts__post-title\" href=\"https:\/\/orientamento.dbcf.unisi.it\/index.php\/2022\/01\/31\/open-day-22-febbraio-2022\/\">Open Day 22 Febbraio 2022 &#8211; programma<\/a><div class=\"wp-block-latest-posts__post-excerpt\">Si svolger\u00e0 il giorno 22 febbraio l&#8217;Open Day dell&#8217;Universit\u00e0 e del Dipartimento. In tale occasione, presenteremo agli studenti delle scuole superiori l&#8217;offerta disponibile dei nostri corsi. La giornata si articoler\u00e0 in due sessioni, una la mattina ed una al pomeriggio. Durante entrambe le sessioni, uguali dal punto di vista dei&hellip; <a class=\"more-link\" href=\"https:\/\/orientamento.dbcf.unisi.it\/index.php\/2022\/01\/31\/open-day-22-febbraio-2022\/\">Continua a leggere <span class=\"screen-reader-text\">Open Day 22 Febbraio 2022 &#8211; programma<\/span><\/a><\/div><\/li>\n<li><a class=\"wp-block-latest-posts__post-title\" href=\"https:\/\/orientamento.dbcf.unisi.it\/index.php\/2021\/07\/02\/virtual-tour-del-dipartimento\/\">Virtual Tour del Dipartimento<\/a><div class=\"wp-block-latest-posts__post-excerpt\">\u00c8 ora possibile visitare il nostro dipartimento in video! Guarda dove siamo e scopri le strutture disponibili nel nostro campus.<\/div><\/li>\n<li><a class=\"wp-block-latest-posts__post-title\" href=\"https:\/\/orientamento.dbcf.unisi.it\/index.php\/2021\/05\/07\/presentazione-del-dipartimento\/\">Presentazione del dipartimento &#8211; 2021<\/a><div class=\"wp-block-latest-posts__post-excerpt\">Una presentazione, a cura del Direttore Prof.ssa Annalisa Santucci, delle attivit\u00e0 di ricerca, didattica e di terza missione del DBCF.<\/div><\/li>\n<li><a class=\"wp-block-latest-posts__post-title\" href=\"https:\/\/orientamento.dbcf.unisi.it\/index.php\/2021\/03\/25\/open-day-2021\/\">Open Day DBCF 5 maggio 2021<\/a><div class=\"wp-block-latest-posts__post-excerpt\">Il prossimo Open Day organizzato dal Dipartimento di Biotecnologie, Chimica e Farmacia si svolger\u00e0 il giorno 5 maggio 2021. Avremo due sessioni, una al mattino a partire dalle ore 11.00, ed una al pomeriggio, a partire dalle ore 14.30. In entrambe le sessioni, presenteremo il Dipartimento ed i nostri corsi.&hellip; <a class=\"more-link\" href=\"https:\/\/orientamento.dbcf.unisi.it\/index.php\/2021\/03\/25\/open-day-2021\/\">Continua a leggere <span class=\"screen-reader-text\">Open Day DBCF 5 maggio 2021<\/span><\/a><\/div><\/li>\n<li><a class=\"wp-block-latest-posts__post-title\" href=\"https:\/\/orientamento.dbcf.unisi.it\/index.php\/2021\/02\/26\/openday-unisi-2021\/\">OpenDay UniSI 2021<\/a><div class=\"wp-block-latest-posts__post-excerpt\">L&#8217;OpenDay organizzato dall&#8217;Universit\u00e0 si svolger\u00e0 il giorno 24 febbraio 2021.Maggiori informazioni, modalit\u00e0 di fruizione, tempi e pre-registrazioni sono disponibili a questo link.<\/div><\/li>\n<\/ul><\/div><\/div>\n","protected":false},"excerpt":{"rendered":"","protected":false},"author":1,"featured_media":0,"parent":0,"menu_order":0,"comment_status":"closed","ping_status":"closed","template":"","meta":{"footnotes":""},"class_list":["post-162","page","type-page","status-publish","hentry","entry"],"jetpack_sharing_enabled":true,"_links":{"self":[{"href":"https:\/\/orientamento.dbcf.unisi.it\/index.php\/wp-json\/wp\/v2\/pages\/162","targetHints":{"allow":["GET"]}}],"collection":[{"href":"https:\/\/orientamento.dbcf.unisi.it\/index.php\/wp-json\/wp\/v2\/pages"}],"about":[{"href":"https:\/\/orientamento.dbcf.unisi.it\/index.php\/wp-json\/wp\/v2\/types\/page"}],"author":[{"embeddable":true,"href":"https:\/\/orientamento.dbcf.unisi.it\/index.php\/wp-json\/wp\/v2\/users\/1"}],"replies":[{"embeddable":true,"href":"https:\/\/orientamento.dbcf.unisi.it\/index.php\/wp-json\/wp\/v2\/comments?post=162"}],"version-history":[{"count":14,"href":"https:\/\/orientamento.dbcf.unisi.it\/index.php\/wp-json\/wp\/v2\/pages\/162\/revisions"}],"predecessor-version":[{"id":960,"href":"https:\/\/orientamento.dbcf.unisi.it\/index.php\/wp-json\/wp\/v2\/pages\/162\/revisions\/960"}],"wp:attachment":[{"href":"https:\/\/orientamento.dbcf.unisi.it\/index.php\/wp-json\/wp\/v2\/media?parent=162"}],"curies":[{"name":"wp","href":"https:\/\/api.w.org\/{rel}","templated":true}]}}