{"id":879,"date":"2023-10-17T10:11:09","date_gmt":"2023-10-17T09:11:09","guid":{"rendered":"https:\/\/orientamento.dbcf.unisi.it\/?page_id=879"},"modified":"2026-02-26T14:38:03","modified_gmt":"2026-02-26T13:38:03","slug":"orientamento-in-uscita-placement","status":"publish","type":"page","link":"https:\/\/orientamento.dbcf.unisi.it\/index.php\/orientamento-in-uscita-placement\/","title":{"rendered":"Orientamento in uscita: Placement"},"content":{"rendered":"\n<p>Orientamento vuol dire anche capire quali siano le possibilit\u00e0 di lavoro ed impiego future. \u00c8 possibile visitare il sito di ateneo che riporta tutte le attivit\u00e0 ed opportunit\u00e0 messe a disposizione dall&#8217;<a href=\"https:\/\/orientarsi.unisi.it\/lavoro\" data-type=\"link\" data-id=\"https:\/\/orientarsi.unisi.it\/lavoro\" target=\"_blank\" rel=\"noreferrer noopener\">ufficio Placement  a questo link<\/a>.<\/p>\n\n\n\n<p>Di seguito, gli eventi specificatamente rivolti agli iscritti ai corsi del DBCF.<\/p>\n\n\n\n<hr class=\"wp-block-separator has-alpha-channel-opacity\"\/>\n\n\n<ul class=\"wp-block-latest-posts__list wp-block-latest-posts\"><li><a class=\"wp-block-latest-posts__post-title\" href=\"https:\/\/orientamento.dbcf.unisi.it\/index.php\/2026\/02\/26\/webinar-how-to-activate-an-internship-abroad\/\">Webinar: how to activate an internship abroad<\/a><div class=\"wp-block-latest-posts__post-excerpt\">Are you planning an internship\/traineeship experience abroad? Iscriviti al webinar, tenuto in lingua inglese il giorno 4 marzo. Per informazioni ed iscrizioni entro il 3 marzo alle ore 11:Segui il Link Dettagli del corso:Wednesday&nbsp;March 4th 2026 at 1pm Join&nbsp;the Placement Office and the International Relations Division&nbsp;to learn all about the internship activation&nbsp;as student&nbsp;or graduate of&hellip; <a class=\"more-link\" href=\"https:\/\/orientamento.dbcf.unisi.it\/index.php\/2026\/02\/26\/webinar-how-to-activate-an-internship-abroad\/\">Continua a leggere <span class=\"screen-reader-text\">Webinar: how to activate an internship abroad<\/span><\/a><\/div><\/li>\n<li><a class=\"wp-block-latest-posts__post-title\" href=\"https:\/\/orientamento.dbcf.unisi.it\/index.php\/2026\/01\/23\/il-dbcf-incontra-gsk-2025-26\/\">Il DBCF incontra GSK 2025\/26<\/a><div class=\"wp-block-latest-posts__post-excerpt\">Il Dipartimento di Biotecnologie, Chimica e Farmacia dal 28 novembre 2025 offre la possibilit\u00e0 di seguire un ciclo di 5 lezioni sui temi \u201cIl Dipartimento Quality Control (QC) nell&#8217;industria farmaceutica\u201d e \u201cIl Processo di rilascio di un vaccino\u201c. Le lezioni saranno tenute dalla Dott.ssa Monica Martini (QP &amp; Release Process Oversight Lead), e dal Dott.&hellip; <a class=\"more-link\" href=\"https:\/\/orientamento.dbcf.unisi.it\/index.php\/2026\/01\/23\/il-dbcf-incontra-gsk-2025-26\/\">Continua a leggere <span class=\"screen-reader-text\">Il DBCF incontra GSK 2025\/26<\/span><\/a><\/div><\/li>\n<li><a class=\"wp-block-latest-posts__post-title\" href=\"https:\/\/orientamento.dbcf.unisi.it\/index.php\/2024\/05\/02\/stem-talent-week-2024\/\">STEM TALENT WEEK 2024<\/a><div class=\"wp-block-latest-posts__post-excerpt\">STEM TALENT WEEK 2024 \u00e8 l&#8217;evento di recruiting organizzato dall&#8217;Universit\u00e0 di Siena.\u00a0Quest&#8217;evento rappresenta un&#8217;opportunit\u00e0 unica per gli studenti per mostrare il proprio talento e incontrare le aziende leader nel settore STEM.Il link dell&#8217;evento \u00e8 il seguente:\u00a0\u00a0https:\/\/orientarsi.unisi.it\/lavoro\/eventi-lavoro\/documento\/stem-talent-week-2024 Delle tre giornate quella che si svolger\u00e0 presso il polo scientifico di San Miniato sar\u00e0 quella del 16 maggio.\u00a0Ecco&hellip; <a class=\"more-link\" href=\"https:\/\/orientamento.dbcf.unisi.it\/index.php\/2024\/05\/02\/stem-talent-week-2024\/\">Continua a leggere <span class=\"screen-reader-text\">STEM TALENT WEEK 2024<\/span><\/a><\/div><\/li>\n<li><a class=\"wp-block-latest-posts__post-title\" href=\"https:\/\/orientamento.dbcf.unisi.it\/index.php\/2023\/10\/17\/il-dbcf-incontra-gsk\/\">IL DBCF INCONTRA GSK<\/a><div class=\"wp-block-latest-posts__post-excerpt\">Il Dipartimento di Biotecnologie, Chimica e Farmacia dal 10 novembre 2023 offre la possibilit\u00e0 di seguire un ciclo di 5 lezioni sui temi \u201cIl Dipartimento Quality Control (QC) nell&#8217;industria farmaceutica\u201d e \u201cIl Processo di rilascio di un vaccino\u201c. Le lezioni saranno tenute dalla Dott.ssa Monica Martini (QP &amp; Release Process Oversight Lead), e dal Dott.&hellip; <a class=\"more-link\" href=\"https:\/\/orientamento.dbcf.unisi.it\/index.php\/2023\/10\/17\/il-dbcf-incontra-gsk\/\">Continua a leggere <span class=\"screen-reader-text\">IL DBCF INCONTRA GSK<\/span><\/a><\/div><\/li>\n<\/ul>","protected":false},"excerpt":{"rendered":"<p>Orientamento vuol dire anche capire quali siano le possibilit\u00e0 di lavoro ed impiego future. \u00c8 possibile visitare il sito di ateneo che riporta tutte le attivit\u00e0 ed opportunit\u00e0 messe a disposizione dall&#8217;ufficio Placement a questo link. Di seguito, gli eventi specificatamente rivolti agli iscritti ai corsi del DBCF.<\/p>\n","protected":false},"author":1,"featured_media":0,"parent":0,"menu_order":0,"comment_status":"closed","ping_status":"closed","template":"","meta":{"footnotes":""},"class_list":["post-879","page","type-page","status-publish","hentry","entry"],"jetpack_sharing_enabled":true,"_links":{"self":[{"href":"https:\/\/orientamento.dbcf.unisi.it\/index.php\/wp-json\/wp\/v2\/pages\/879","targetHints":{"allow":["GET"]}}],"collection":[{"href":"https:\/\/orientamento.dbcf.unisi.it\/index.php\/wp-json\/wp\/v2\/pages"}],"about":[{"href":"https:\/\/orientamento.dbcf.unisi.it\/index.php\/wp-json\/wp\/v2\/types\/page"}],"author":[{"embeddable":true,"href":"https:\/\/orientamento.dbcf.unisi.it\/index.php\/wp-json\/wp\/v2\/users\/1"}],"replies":[{"embeddable":true,"href":"https:\/\/orientamento.dbcf.unisi.it\/index.php\/wp-json\/wp\/v2\/comments?post=879"}],"version-history":[{"count":5,"href":"https:\/\/orientamento.dbcf.unisi.it\/index.php\/wp-json\/wp\/v2\/pages\/879\/revisions"}],"predecessor-version":[{"id":989,"href":"https:\/\/orientamento.dbcf.unisi.it\/index.php\/wp-json\/wp\/v2\/pages\/879\/revisions\/989"}],"wp:attachment":[{"href":"https:\/\/orientamento.dbcf.unisi.it\/index.php\/wp-json\/wp\/v2\/media?parent=879"}],"curies":[{"name":"wp","href":"https:\/\/api.w.org\/{rel}","templated":true}]}}